{"id":1216,"date":"2025-04-11T17:56:20","date_gmt":"2025-04-11T20:56:20","guid":{"rendered":"https:\/\/thaibrasil.com\/?page_id=1216"},"modified":"2025-05-08T15:20:06","modified_gmt":"2025-05-08T18:20:06","slug":"noticias","status":"publish","type":"page","link":"https:\/\/thaibrasil.com\/index.php\/noticias\/","title":{"rendered":"Not\u00edcias"},"content":{"rendered":"\t\t<div data-elementor-type=\"wp-page\" data-elementor-id=\"1216\" class=\"elementor elementor-1216\" data-elementor-post-type=\"page\">\n\t\t\t\t<div class=\"elementor-element elementor-element-516cb1e e-con-full e-flex e-con e-parent\" data-id=\"516cb1e\" data-element_type=\"container\" data-settings=\"{&quot;background_background&quot;:&quot;classic&quot;,&quot;background_motion_fx_motion_fx_scrolling&quot;:&quot;yes&quot;,&quot;background_motion_fx_translateY_effect&quot;:&quot;yes&quot;,&quot;background_motion_fx_translateY_speed&quot;:{&quot;unit&quot;:&quot;px&quot;,&quot;size&quot;:2.7,&quot;sizes&quot;:[]},&quot;background_motion_fx_range&quot;:&quot;viewport&quot;,&quot;background_motion_fx_translateY_affectedRange&quot;:{&quot;unit&quot;:&quot;%&quot;,&quot;size&quot;:&quot;&quot;,&quot;sizes&quot;:{&quot;start&quot;:0,&quot;end&quot;:100}},&quot;background_motion_fx_devices&quot;:[&quot;desktop&quot;,&quot;tablet&quot;,&quot;mobile&quot;]}\">\n\t\t\t\t<div class=\"elementor-element elementor-element-1b4816d elementor-widget elementor-widget-spacer\" data-id=\"1b4816d\" data-element_type=\"widget\" data-widget_type=\"spacer.default\">\n\t\t\t\t<div class=\"elementor-widget-container\">\n\t\t\t\t\t\t\t<div class=\"elementor-spacer\">\n\t\t\t<div class=\"elementor-spacer-inner\"><\/div>\n\t\t<\/div>\n\t\t\t\t\t\t<\/div>\n\t\t\t\t<\/div>\n\t\t\t\t<div class=\"elementor-element elementor-element-0c51248 elementor-widget elementor-widget-heading\" data-id=\"0c51248\" data-element_type=\"widget\" data-widget_type=\"heading.default\">\n\t\t\t\t<div class=\"elementor-widget-container\">\n\t\t\t\t\t<h2 class=\"elementor-heading-title elementor-size-default\">Confira \u00faltimas not\u00edcias<\/h2>\t\t\t\t<\/div>\n\t\t\t\t<\/div>\n\t\t\t\t<div class=\"elementor-element elementor-element-9b669ae elementor-widget elementor-widget-heading\" data-id=\"9b669ae\" data-element_type=\"widget\" data-widget_type=\"heading.default\">\n\t\t\t\t<div class=\"elementor-widget-container\">\n\t\t\t\t\t<h2 class=\"elementor-heading-title elementor-size-default\">Not\u00edcias Thais Brasil<\/h2>\t\t\t\t<\/div>\n\t\t\t\t<\/div>\n\t\t\t\t<div class=\"elementor-element elementor-element-fd3bc9e elementor-grid-4 elementor-grid-tablet-2 elementor-grid-mobile-1 elementor-posts--thumbnail-top elementor-card-shadow-yes elementor-posts__hover-gradient elementor-widget elementor-widget-posts\" data-id=\"fd3bc9e\" data-element_type=\"widget\" data-settings=\"{&quot;cards_columns&quot;:&quot;4&quot;,&quot;pagination_type&quot;:&quot;numbers&quot;,&quot;cards_columns_tablet&quot;:&quot;2&quot;,&quot;cards_columns_mobile&quot;:&quot;1&quot;,&quot;cards_row_gap&quot;:{&quot;unit&quot;:&quot;px&quot;,&quot;size&quot;:35,&quot;sizes&quot;:[]},&quot;cards_row_gap_tablet&quot;:{&quot;unit&quot;:&quot;px&quot;,&quot;size&quot;:&quot;&quot;,&quot;sizes&quot;:[]},&quot;cards_row_gap_mobile&quot;:{&quot;unit&quot;:&quot;px&quot;,&quot;size&quot;:&quot;&quot;,&quot;sizes&quot;:[]}}\" data-widget_type=\"posts.cards\">\n\t\t\t\t<div class=\"elementor-widget-container\">\n\t\t\t\t\t\t\t<div class=\"elementor-posts-container elementor-posts elementor-posts--skin-cards elementor-grid\">\n\t\t\t\t<article class=\"elementor-post elementor-grid-item post-1288 post type-post status-publish format-standard has-post-thumbnail hentry category-atletas-thai-brasil\">\n\t\t\t<div class=\"elementor-post__card\">\n\t\t\t\t<a class=\"elementor-post__thumbnail__link\" href=\"https:\/\/thaibrasil.com\/index.php\/2025\/06\/27\/carlos-leal-esta-chegando-para-a-guerra-em-abu-dhabi\/\" tabindex=\"-1\" ><div class=\"elementor-post__thumbnail\"><img fetchpriority=\"high\" decoding=\"async\" width=\"241\" height=\"300\" src=\"https:\/\/thaibrasil.com\/wp-content\/uploads\/2025\/06\/carlos-luta-241x300.jpg\" class=\"attachment-medium size-medium wp-image-1290\" alt=\"\" srcset=\"https:\/\/thaibrasil.com\/wp-content\/uploads\/2025\/06\/carlos-luta-241x300.jpg 241w, https:\/\/thaibrasil.com\/wp-content\/uploads\/2025\/06\/carlos-luta-821x1024.jpg 821w, https:\/\/thaibrasil.com\/wp-content\/uploads\/2025\/06\/carlos-luta-768x958.jpg 768w, https:\/\/thaibrasil.com\/wp-content\/uploads\/2025\/06\/carlos-luta.jpg 1080w\" sizes=\"(max-width: 241px) 100vw, 241px\" \/><\/div><\/a>\n\t\t\t\t<div class=\"elementor-post__badge\">Atletas Thai Brasil<\/div>\n\t\t\t\t<div class=\"elementor-post__text\">\n\t\t\t\t<h3 class=\"elementor-post__title\">\n\t\t\t<a href=\"https:\/\/thaibrasil.com\/index.php\/2025\/06\/27\/carlos-leal-esta-chegando-para-a-guerra-em-abu-dhabi\/\" >\n\t\t\t\tCarlos Leal est\u00e1 chegando para a guerra em Abu Dhabi!\t\t\t<\/a>\n\t\t<\/h3>\n\t\t\n\t\t<a class=\"elementor-post__read-more\" href=\"https:\/\/thaibrasil.com\/index.php\/2025\/06\/27\/carlos-leal-esta-chegando-para-a-guerra-em-abu-dhabi\/\" aria-label=\"Read more about Carlos Leal est\u00e1 chegando para a guerra em Abu Dhabi!\" tabindex=\"-1\" >\n\t\t\tLeia not\u00edcia completa \u00bb\t\t<\/a>\n\n\t\t\t\t<\/div>\n\t\t\t\t<div class=\"elementor-post__meta-data\">\n\t\t\t\t\t<span class=\"elementor-post-date\">\n\t\t\t27 de junho de 2025\t\t<\/span>\n\t\t\t\t<span class=\"elementor-post-avatar\">\n\t\t\tNenhum coment\u00e1rio\t\t<\/span>\n\t\t\t\t<\/div>\n\t\t\t\t\t<\/div>\n\t\t<\/article>\n\t\t\t\t<article class=\"elementor-post elementor-grid-item post-1267 post type-post status-publish format-standard has-post-thumbnail hentry category-atletas-thai-brasil\">\n\t\t\t<div class=\"elementor-post__card\">\n\t\t\t\t<a class=\"elementor-post__thumbnail__link\" href=\"https:\/\/thaibrasil.com\/index.php\/2025\/05\/08\/ewerton-polaquini-representa-o-brasil-no-aca-186-neste-sabado\/\" tabindex=\"-1\" ><div class=\"elementor-post__thumbnail\"><img decoding=\"async\" width=\"300\" height=\"300\" src=\"https:\/\/thaibrasil.com\/wp-content\/uploads\/2025\/05\/Solicitacao-Thai-Brasil-Lutas-Hulk-e1746728046670-300x300.png\" class=\"attachment-medium size-medium wp-image-1268\" alt=\"\" srcset=\"https:\/\/thaibrasil.com\/wp-content\/uploads\/2025\/05\/Solicitacao-Thai-Brasil-Lutas-Hulk-e1746728046670-300x300.png 300w, https:\/\/thaibrasil.com\/wp-content\/uploads\/2025\/05\/Solicitacao-Thai-Brasil-Lutas-Hulk-e1746728046670-1024x1024.png 1024w, https:\/\/thaibrasil.com\/wp-content\/uploads\/2025\/05\/Solicitacao-Thai-Brasil-Lutas-Hulk-e1746728046670-150x150.png 150w, https:\/\/thaibrasil.com\/wp-content\/uploads\/2025\/05\/Solicitacao-Thai-Brasil-Lutas-Hulk-e1746728046670-768x768.png 768w, https:\/\/thaibrasil.com\/wp-content\/uploads\/2025\/05\/Solicitacao-Thai-Brasil-Lutas-Hulk-e1746728046670.png 1080w\" sizes=\"(max-width: 300px) 100vw, 300px\" \/><\/div><\/a>\n\t\t\t\t<div class=\"elementor-post__badge\">Atletas Thai Brasil<\/div>\n\t\t\t\t<div class=\"elementor-post__text\">\n\t\t\t\t<h3 class=\"elementor-post__title\">\n\t\t\t<a href=\"https:\/\/thaibrasil.com\/index.php\/2025\/05\/08\/ewerton-polaquini-representa-o-brasil-no-aca-186-neste-sabado\/\" >\n\t\t\t\tEwerton Polaquini representa o Brasil no ACA 186 neste s\u00e1bado\t\t\t<\/a>\n\t\t<\/h3>\n\t\t\n\t\t<a class=\"elementor-post__read-more\" href=\"https:\/\/thaibrasil.com\/index.php\/2025\/05\/08\/ewerton-polaquini-representa-o-brasil-no-aca-186-neste-sabado\/\" aria-label=\"Read more about Ewerton Polaquini representa o Brasil no ACA 186 neste s\u00e1bado\" tabindex=\"-1\" >\n\t\t\tLeia not\u00edcia completa \u00bb\t\t<\/a>\n\n\t\t\t\t<\/div>\n\t\t\t\t<div class=\"elementor-post__meta-data\">\n\t\t\t\t\t<span class=\"elementor-post-date\">\n\t\t\t8 de maio de 2025\t\t<\/span>\n\t\t\t\t<span class=\"elementor-post-avatar\">\n\t\t\tNenhum coment\u00e1rio\t\t<\/span>\n\t\t\t\t<\/div>\n\t\t\t\t\t<\/div>\n\t\t<\/article>\n\t\t\t\t<article class=\"elementor-post elementor-grid-item post-1274 post type-post status-publish format-standard has-post-thumbnail hentry category-atletas-thai-brasil\">\n\t\t\t<div class=\"elementor-post__card\">\n\t\t\t\t<a class=\"elementor-post__thumbnail__link\" href=\"https:\/\/thaibrasil.com\/index.php\/2025\/05\/01\/carlos-leal-supera-derrota-polemica-em-estreia-faz-norte-americano-sentir-mao-pesada-e-nocauteia-no-1-round-no-ufc-313-2\/\" tabindex=\"-1\" ><div class=\"elementor-post__thumbnail\"><img decoding=\"async\" width=\"300\" height=\"300\" src=\"https:\/\/thaibrasil.com\/wp-content\/uploads\/2025\/04\/SaveClip.App_483648005_18094637767532686_2603024294224591489_n-e1744404302323-300x300.jpg\" class=\"attachment-medium size-medium wp-image-1211\" alt=\"\" srcset=\"https:\/\/thaibrasil.com\/wp-content\/uploads\/2025\/04\/SaveClip.App_483648005_18094637767532686_2603024294224591489_n-e1744404302323-300x300.jpg 300w, https:\/\/thaibrasil.com\/wp-content\/uploads\/2025\/04\/SaveClip.App_483648005_18094637767532686_2603024294224591489_n-e1744404302323-1024x1024.jpg 1024w, https:\/\/thaibrasil.com\/wp-content\/uploads\/2025\/04\/SaveClip.App_483648005_18094637767532686_2603024294224591489_n-e1744404302323-150x150.jpg 150w, https:\/\/thaibrasil.com\/wp-content\/uploads\/2025\/04\/SaveClip.App_483648005_18094637767532686_2603024294224591489_n-e1744404302323-768x768.jpg 768w, https:\/\/thaibrasil.com\/wp-content\/uploads\/2025\/04\/SaveClip.App_483648005_18094637767532686_2603024294224591489_n-e1744404302323.jpg 1076w\" sizes=\"(max-width: 300px) 100vw, 300px\" \/><\/div><\/a>\n\t\t\t\t<div class=\"elementor-post__badge\">Atletas Thai Brasil<\/div>\n\t\t\t\t<div class=\"elementor-post__text\">\n\t\t\t\t<h3 class=\"elementor-post__title\">\n\t\t\t<a href=\"https:\/\/thaibrasil.com\/index.php\/2025\/05\/01\/carlos-leal-supera-derrota-polemica-em-estreia-faz-norte-americano-sentir-mao-pesada-e-nocauteia-no-1-round-no-ufc-313-2\/\" >\n\t\t\t\tCarlos Leal supera derrota &#8216;pol\u00eamica&#8217; em estreia, faz norte-americano sentir &#8216;m\u00e3o pesada&#8217; e nocauteia no 1\u00b0 round no UFC 313\t\t\t<\/a>\n\t\t<\/h3>\n\t\t\n\t\t<a class=\"elementor-post__read-more\" href=\"https:\/\/thaibrasil.com\/index.php\/2025\/05\/01\/carlos-leal-supera-derrota-polemica-em-estreia-faz-norte-americano-sentir-mao-pesada-e-nocauteia-no-1-round-no-ufc-313-2\/\" aria-label=\"Read more about Carlos Leal supera derrota &#8216;pol\u00eamica&#8217; em estreia, faz norte-americano sentir &#8216;m\u00e3o pesada&#8217; e nocauteia no 1\u00b0 round no UFC 313\" tabindex=\"-1\" >\n\t\t\tLeia not\u00edcia completa \u00bb\t\t<\/a>\n\n\t\t\t\t<\/div>\n\t\t\t\t<div class=\"elementor-post__meta-data\">\n\t\t\t\t\t<span class=\"elementor-post-date\">\n\t\t\t1 de maio de 2025\t\t<\/span>\n\t\t\t\t<span class=\"elementor-post-avatar\">\n\t\t\tNenhum coment\u00e1rio\t\t<\/span>\n\t\t\t\t<\/div>\n\t\t\t\t\t<\/div>\n\t\t<\/article>\n\t\t\t\t<\/div>\n\t\t\n\t\t\t\t\t\t<\/div>\n\t\t\t\t<\/div>\n\t\t\t\t<div class=\"elementor-element elementor-element-2a69ab1 elementor-widget elementor-widget-spacer\" data-id=\"2a69ab1\" data-element_type=\"widget\" data-widget_type=\"spacer.default\">\n\t\t\t\t<div class=\"elementor-widget-container\">\n\t\t\t\t\t\t\t<div class=\"elementor-spacer\">\n\t\t\t<div class=\"elementor-spacer-inner\"><\/div>\n\t\t<\/div>\n\t\t\t\t\t\t<\/div>\n\t\t\t\t<\/div>\n\t\t\t\t<\/div>\n\t\t\t\t<\/div>\n\t\t","protected":false},"excerpt":{"rendered":"<p>Confira \u00faltimas not\u00edcias Not\u00edcias Thais Brasil<\/p>\n","protected":false},"author":1,"featured_media":0,"parent":0,"menu_order":0,"comment_status":"closed","ping_status":"closed","template":"elementor_header_footer","meta":{"_joinchat":[],"footnotes":""},"class_list":["post-1216","page","type-page","status-publish","hentry"],"_links":{"self":[{"href":"https:\/\/thaibrasil.com\/index.php\/wp-json\/wp\/v2\/pages\/1216","targetHints":{"allow":["GET"]}}],"collection":[{"href":"https:\/\/thaibrasil.com\/index.php\/wp-json\/wp\/v2\/pages"}],"about":[{"href":"https:\/\/thaibrasil.com\/index.php\/wp-json\/wp\/v2\/types\/page"}],"author":[{"embeddable":true,"href":"https:\/\/thaibrasil.com\/index.php\/wp-json\/wp\/v2\/users\/1"}],"replies":[{"embeddable":true,"href":"https:\/\/thaibrasil.com\/index.php\/wp-json\/wp\/v2\/comments?post=1216"}],"version-history":[{"count":22,"href":"https:\/\/thaibrasil.com\/index.php\/wp-json\/wp\/v2\/pages\/1216\/revisions"}],"predecessor-version":[{"id":1278,"href":"https:\/\/thaibrasil.com\/index.php\/wp-json\/wp\/v2\/pages\/1216\/revisions\/1278"}],"wp:attachment":[{"href":"https:\/\/thaibrasil.com\/index.php\/wp-json\/wp\/v2\/media?parent=1216"}],"curies":[{"name":"wp","href":"https:\/\/api.w.org\/{rel}","templated":true}]}}